{"id":1049,"date":"2023-04-05T06:31:32","date_gmt":"2023-04-05T10:31:32","guid":{"rendered":"https:\/\/appropriation.cqt.ca\/reconnaissance-territoriale\/"},"modified":"2023-05-16T10:42:45","modified_gmt":"2023-05-16T14:42:45","slug":"land-acknowledgment","status":"publish","type":"page","link":"https:\/\/appropriation.cqt.ca\/en\/land-acknowledgment\/","title":{"rendered":"LAND ACKNOWLEDGEMENT"},"content":{"rendered":"\n<style type=\"text\/css\" data-created_by=\"avia_inline_auto\" id=\"style-css-av-lgmkoymd-049c095f17338795990f6fac4da69004\">\n.avia-section.av-lgmkoymd-049c095f17338795990f6fac4da69004{\nbackground-color:#191919;\nbackground-repeat:no-repeat;\nbackground-image:url(https:\/\/appropriation.cqt.ca\/wp-content\/uploads\/2023\/05\/banniere-Reconnaissance-Territorial.jpg), linear-gradient( to top, #191919, #070606, #000000 );\nbackground-position:50% 50%;\nbackground-attachment:scroll;\n}\n<\/style>\n<div id='av_section_1'  class='avia-section av-lgmkoymd-049c095f17338795990f6fac4da69004 main_color avia-section-default avia-no-border-styling  avia-builder-el-0  el_before_av_section  avia-builder-el-first  avia-bg-style-scroll av-minimum-height av-minimum-height-50 av-height-50  container_wrap sidebar_right'  data-section-bg-repeat='no-repeat' data-av_minimum_height_pc='50' data-av_min_height_opt='50'><div class='container av-section-cont-open' ><main  role=\"main\" itemprop=\"mainContentOfPage\"  class='template-page content  av-content-small alpha units'><div class='post-entry post-entry-type-page post-entry-1049'><div class='entry-content-wrapper clearfix'>\n\n<style type=\"text\/css\" data-created_by=\"avia_inline_auto\" id=\"style-css-av-lgpg4ong-070fd620c068c2dee27d90cce8d33020\">\n\n@media only screen and (min-width: 990px){ \n.flex_column.av-lgpg4ong-070fd620c068c2dee27d90cce8d33020{\npadding:0 40% 0 0;\n}\n}\n<\/style>\n<div  class='flex_column av-lgpg4ong-070fd620c068c2dee27d90cce8d33020 av_one_full  avia-builder-el-1  avia-builder-el-no-sibling  first flex_column_div  '     ><style type=\"text\/css\" data-created_by=\"avia_inline_auto\" id=\"style-css-av-lgmko7ck-80c4b3fcb29bc7788545e4c5798d6e10\">\n#top .av-special-heading.av-lgmko7ck-80c4b3fcb29bc7788545e4c5798d6e10{\npadding-bottom:10px;\ncolor:#ffffff;\n}\nbody .av-special-heading.av-lgmko7ck-80c4b3fcb29bc7788545e4c5798d6e10 .av-special-heading-tag .heading-char{\nfont-size:25px;\n}\n.av-special-heading.av-lgmko7ck-80c4b3fcb29bc7788545e4c5798d6e10 .special-heading-inner-border{\nborder-color:#ffffff;\n}\n.av-special-heading.av-lgmko7ck-80c4b3fcb29bc7788545e4c5798d6e10 .av-subheading{\nfont-size:15px;\n}\n\n@media only screen and (min-width: 768px) and (max-width: 989px){ \n#top #wrap_all .av-special-heading.av-lgmko7ck-80c4b3fcb29bc7788545e4c5798d6e10 .av-special-heading-tag{\nfont-size:30px;\n}\n}\n\n@media only screen and (min-width: 480px) and (max-width: 767px){ \n#top #wrap_all .av-special-heading.av-lgmko7ck-80c4b3fcb29bc7788545e4c5798d6e10 .av-special-heading-tag{\nfont-size:30px;\n}\n}\n\n@media only screen and (max-width: 479px){ \n#top #wrap_all .av-special-heading.av-lgmko7ck-80c4b3fcb29bc7788545e4c5798d6e10 .av-special-heading-tag{\nfont-size:30px;\n}\n}\n<\/style>\n<div  class='av-special-heading av-lgmko7ck-80c4b3fcb29bc7788545e4c5798d6e10 av-special-heading-h1 custom-color-heading blockquote modern-quote  avia-builder-el-2  avia-builder-el-no-sibling '><h1 class='av-special-heading-tag '  itemprop=\"headline\"  > TIOHTI\u00c0:KE LAND ACKNOWLEDGEMENT<\/h1><div class=\"special-heading-border\"><div class=\"special-heading-inner-border\"><\/div><\/div><\/div><\/div>\n\n<\/div><\/div><\/main><!-- close content main element --><\/div><\/div><div id='av_section_2'  class='avia-section av-qmlk-aa8b19d4d990b0b63ba28a80af406256 main_color avia-section-default avia-no-border-styling  avia-builder-el-3  el_after_av_section  avia-builder-el-last  avia-bg-style-scroll container_wrap sidebar_right'  ><div class='container av-section-cont-open' ><div class='template-page content  av-content-small alpha units'><div class='post-entry post-entry-type-page post-entry-1049'><div class='entry-content-wrapper clearfix'>\n\n<style type=\"text\/css\" data-created_by=\"avia_inline_auto\" id=\"style-css-av-lgml456m-e67a6fbe447a17d6622afee2b18ea8a2\">\n\n@media only screen and (min-width: 990px){ \n.flex_column.av-lgml456m-e67a6fbe447a17d6622afee2b18ea8a2{\npadding:0 26% 0 26%;\n}\n}\n<\/style>\n<div  class='flex_column av-lgml456m-e67a6fbe447a17d6622afee2b18ea8a2 av_one_full  avia-builder-el-4  el_before_av_hr  avia-builder-el-first  first flex_column_div av-animated-generic fade-in  '     ><section  class='av_textblock_section av-lgmkzvx9-5a6c185388efc83e0784546ab1467e63 '   itemscope=\"itemscope\" itemtype=\"https:\/\/schema.org\/CreativeWork\" ><div class='avia_textblock'  itemprop=\"text\" ><p class=\"p1\">The Conseil qu\u00e9b\u00e9cois du th\u00e9\u00e2tre (CQT) acknowledges and thanks the first stewards of these lands<span class=\"Apple-converted-space\">\u00a0 <\/span>\u2013 the Indigenous people who have been here for millennia. Everyone who visits this website is asked to reflect on the lands in which they live and work, on the life and history of the Indigenous peoples around us, and on the work that still has to be done to repair our relationships with First Nations. We all need to work together toward a fair future.<span class=\"Apple-converted-space\">\u00a0<\/span><\/p>\n<\/div><\/section><br \/>\n<section  class='av_textblock_section av-lgml01yy-3912c49f581c8739c94411379436d1a4 '   itemscope=\"itemscope\" itemtype=\"https:\/\/schema.org\/CreativeWork\" ><div class='avia_textblock'  itemprop=\"text\" ><p class=\"p1\">As an organization based on the territory of Tiohti\u00e0:ke, Montreal, the Conseil qu\u00e9b\u00e9cois du th\u00e9\u00e2tre acknowledges that we are on the unceded traditional land of the Kanien\u2019keh\u00e1:ka \u201cMohawk\u201d and Anishinabek \u201cAlgonquin\u201d peoples. Tiohti\u00e0:ke has been recognized as a gathering place for many different First Nations. We acknowledge and deeply value the ongoing connection between the Indigenous peoples and these lands and waters, as well as their presence on them.<span class=\"Apple-converted-space\">\u00a0<\/span><\/p>\n<\/div><\/section><\/p><\/div>\n<style type=\"text\/css\" data-created_by=\"avia_inline_auto\" id=\"style-css-av-lgml621n-aa8611b998f00c9e282fff2d2bf3f90a\">\n#top .hr.hr-invisible.av-lgml621n-aa8611b998f00c9e282fff2d2bf3f90a{\nheight:100px;\n}\n<\/style>\n<div  class='hr av-lgml621n-aa8611b998f00c9e282fff2d2bf3f90a hr-invisible  avia-builder-el-7  el_after_av_one_full  avia-builder-el-last '><span class='hr-inner '><span class=\"hr-inner-style\"><\/span><\/span><\/div>\n<\/div><\/div><\/div><!-- close content main div --><\/div><\/div><div id='after_section_2'  class='main_color av_default_container_wrap container_wrap sidebar_right'  ><div class='container av-section-cont-open' ><div class='template-page content  av-content-small alpha units'><div class='post-entry post-entry-type-page post-entry-1049'><div class='entry-content-wrapper clearfix'>\n","protected":false},"excerpt":{"rendered":"","protected":false},"author":1,"featured_media":0,"parent":0,"menu_order":0,"comment_status":"closed","ping_status":"closed","template":"","meta":{"footnotes":""},"class_list":["post-1049","page","type-page","status-publish","hentry"],"yoast_head":"<!-- This site is optimized with the Yoast SEO plugin v27.4 - https:\/\/yoast.com\/product\/yoast-seo-wordpress\/ -->\n<title>LAND ACKNOWLEDGEMENT - appropriation.cqt.ca<\/title>\n<meta name=\"robots\" content=\"index, follow, max-snippet:-1, max-image-preview:large, max-video-preview:-1\" \/>\n<link rel=\"canonical\" href=\"https:\/\/appropriation.cqt.ca\/en\/land-acknowledgment\/\" \/>\n<meta property=\"og:locale\" content=\"en_US\" \/>\n<meta property=\"og:type\" content=\"article\" \/>\n<meta property=\"og:title\" content=\"LAND ACKNOWLEDGEMENT - appropriation.cqt.ca\" \/>\n<meta property=\"og:url\" content=\"https:\/\/appropriation.cqt.ca\/en\/land-acknowledgment\/\" \/>\n<meta property=\"og:site_name\" content=\"appropriation.cqt.ca\" \/>\n<meta property=\"article:publisher\" content=\"https:\/\/www.facebook.com\/ConseilQuebecoisDuTheatre\" \/>\n<meta property=\"article:modified_time\" content=\"2023-05-16T14:42:45+00:00\" \/>\n<meta name=\"twitter:card\" content=\"summary_large_image\" \/>\n<meta name=\"twitter:site\" content=\"@cqt_theatre\" \/>\n<meta name=\"twitter:label1\" content=\"Est. reading time\" \/>\n\t<meta name=\"twitter:data1\" content=\"4 minutes\" \/>\n<script type=\"application\/ld+json\" class=\"yoast-schema-graph\">{\"@context\":\"https:\\\/\\\/schema.org\",\"@graph\":[{\"@type\":\"WebPage\",\"@id\":\"https:\\\/\\\/appropriation.cqt.ca\\\/en\\\/land-acknowledgment\\\/\",\"url\":\"https:\\\/\\\/appropriation.cqt.ca\\\/en\\\/land-acknowledgment\\\/\",\"name\":\"LAND ACKNOWLEDGEMENT - appropriation.cqt.ca\",\"isPartOf\":{\"@id\":\"https:\\\/\\\/appropriation.cqt.ca\\\/en\\\/#website\"},\"datePublished\":\"2023-04-05T10:31:32+00:00\",\"dateModified\":\"2023-05-16T14:42:45+00:00\",\"breadcrumb\":{\"@id\":\"https:\\\/\\\/appropriation.cqt.ca\\\/en\\\/land-acknowledgment\\\/#breadcrumb\"},\"inLanguage\":\"en-US\",\"potentialAction\":[{\"@type\":\"ReadAction\",\"target\":[\"https:\\\/\\\/appropriation.cqt.ca\\\/en\\\/land-acknowledgment\\\/\"]}]},{\"@type\":\"BreadcrumbList\",\"@id\":\"https:\\\/\\\/appropriation.cqt.ca\\\/en\\\/land-acknowledgment\\\/#breadcrumb\",\"itemListElement\":[{\"@type\":\"ListItem\",\"position\":1,\"name\":\"Accueil\",\"item\":\"https:\\\/\\\/appropriation.cqt.ca\\\/en\\\/accueil\\\/\"},{\"@type\":\"ListItem\",\"position\":2,\"name\":\"LAND ACKNOWLEDGEMENT\"}]},{\"@type\":\"WebSite\",\"@id\":\"https:\\\/\\\/appropriation.cqt.ca\\\/en\\\/#website\",\"url\":\"https:\\\/\\\/appropriation.cqt.ca\\\/en\\\/\",\"name\":\"appropriation.cqt.ca\",\"description\":\"\",\"potentialAction\":[{\"@type\":\"SearchAction\",\"target\":{\"@type\":\"EntryPoint\",\"urlTemplate\":\"https:\\\/\\\/appropriation.cqt.ca\\\/en\\\/?s={search_term_string}\"},\"query-input\":{\"@type\":\"PropertyValueSpecification\",\"valueRequired\":true,\"valueName\":\"search_term_string\"}}],\"inLanguage\":\"en-US\"}]}<\/script>\n<!-- \/ Yoast SEO plugin. -->","yoast_head_json":{"title":"LAND ACKNOWLEDGEMENT - appropriation.cqt.ca","robots":{"index":"index","follow":"follow","max-snippet":"max-snippet:-1","max-image-preview":"max-image-preview:large","max-video-preview":"max-video-preview:-1"},"canonical":"https:\/\/appropriation.cqt.ca\/en\/land-acknowledgment\/","og_locale":"en_US","og_type":"article","og_title":"LAND ACKNOWLEDGEMENT - appropriation.cqt.ca","og_url":"https:\/\/appropriation.cqt.ca\/en\/land-acknowledgment\/","og_site_name":"appropriation.cqt.ca","article_publisher":"https:\/\/www.facebook.com\/ConseilQuebecoisDuTheatre","article_modified_time":"2023-05-16T14:42:45+00:00","twitter_card":"summary_large_image","twitter_site":"@cqt_theatre","twitter_misc":{"Est. reading time":"4 minutes"},"schema":{"@context":"https:\/\/schema.org","@graph":[{"@type":"WebPage","@id":"https:\/\/appropriation.cqt.ca\/en\/land-acknowledgment\/","url":"https:\/\/appropriation.cqt.ca\/en\/land-acknowledgment\/","name":"LAND ACKNOWLEDGEMENT - appropriation.cqt.ca","isPartOf":{"@id":"https:\/\/appropriation.cqt.ca\/en\/#website"},"datePublished":"2023-04-05T10:31:32+00:00","dateModified":"2023-05-16T14:42:45+00:00","breadcrumb":{"@id":"https:\/\/appropriation.cqt.ca\/en\/land-acknowledgment\/#breadcrumb"},"inLanguage":"en-US","potentialAction":[{"@type":"ReadAction","target":["https:\/\/appropriation.cqt.ca\/en\/land-acknowledgment\/"]}]},{"@type":"BreadcrumbList","@id":"https:\/\/appropriation.cqt.ca\/en\/land-acknowledgment\/#breadcrumb","itemListElement":[{"@type":"ListItem","position":1,"name":"Accueil","item":"https:\/\/appropriation.cqt.ca\/en\/accueil\/"},{"@type":"ListItem","position":2,"name":"LAND ACKNOWLEDGEMENT"}]},{"@type":"WebSite","@id":"https:\/\/appropriation.cqt.ca\/en\/#website","url":"https:\/\/appropriation.cqt.ca\/en\/","name":"appropriation.cqt.ca","description":"","potentialAction":[{"@type":"SearchAction","target":{"@type":"EntryPoint","urlTemplate":"https:\/\/appropriation.cqt.ca\/en\/?s={search_term_string}"},"query-input":{"@type":"PropertyValueSpecification","valueRequired":true,"valueName":"search_term_string"}}],"inLanguage":"en-US"}]}},"_links":{"self":[{"href":"https:\/\/appropriation.cqt.ca\/en\/wp-json\/wp\/v2\/pages\/1049","targetHints":{"allow":["GET"]}}],"collection":[{"href":"https:\/\/appropriation.cqt.ca\/en\/wp-json\/wp\/v2\/pages"}],"about":[{"href":"https:\/\/appropriation.cqt.ca\/en\/wp-json\/wp\/v2\/types\/page"}],"author":[{"embeddable":true,"href":"https:\/\/appropriation.cqt.ca\/en\/wp-json\/wp\/v2\/users\/1"}],"replies":[{"embeddable":true,"href":"https:\/\/appropriation.cqt.ca\/en\/wp-json\/wp\/v2\/comments?post=1049"}],"version-history":[{"count":0,"href":"https:\/\/appropriation.cqt.ca\/en\/wp-json\/wp\/v2\/pages\/1049\/revisions"}],"wp:attachment":[{"href":"https:\/\/appropriation.cqt.ca\/en\/wp-json\/wp\/v2\/media?parent=1049"}],"curies":[{"name":"wp","href":"https:\/\/api.w.org\/{rel}","templated":true}]}}